{"id":8378,"date":"2023-05-16T14:09:58","date_gmt":"2023-05-16T12:09:58","guid":{"rendered":"https:\/\/cappellamediterranea.com\/support-us\/"},"modified":"2023-09-11T11:50:43","modified_gmt":"2023-09-11T09:50:43","slug":"support-us","status":"publish","type":"page","link":"https:\/\/cappellamediterranea.com\/en\/support-us\/","title":{"rendered":"Support us"},"content":{"rendered":"\n<h1 class=\"wp-block-heading has-text-align-center\">Support us<\/h1>\n\n\n\n\n    <section class=\"container-bg\" style=\"--data-bg-color:#fdfaf7\">\n      <div class=\"container mot-de-bienvenue reverse\">\n          <div class=\"img-content\">\n            <img decoding=\"async\" loading=\"lazy\" width=\"320\" height=\"638\" src=\"https:\/\/cappellamediterranea.com\/wp-content\/uploads\/2023\/03\/img4.png\" alt=\"\">\n            <span class=\"shdw\" style=\"--data-color:#FFCD46\"><\/span>\n        <\/div>\n        <div class=\"titre\">\n            <h2>Are you a private individual?<\/h2>\n<h4><span style=\"font-size: 14pt;\">Donations* for our Swiss association, UTOPIA<\/span><\/h4>\n<p><em><span style=\"font-size: 10pt;\">*Your donations are tax deductible in Switzerland<\/span><\/em><\/p>\n<p>By bank transfer: IBAN CH20 8080 8007 7351 2351 2 SWIFT \u2013 BIC : RAIFCH22888<br \/>\nBanque Raffeisen CCP N\u00b0 12 &#8211; 359 &#8211; 3<\/p>\n<h4><span style=\"font-size: 14pt;\">Donations* for our French association, AECM<\/span><\/h4>\n<p><span style=\"font-size: 10pt;\"><em>*If you have taxable income in France, your donation entitles you to a deduction in income tax equivalent to 66% of your donation, up to a maximum of 20% of taxable income.<\/em><\/span><\/p>\n<p>By bank transfer: IBAN FR76 1382 5002 0008 0048 1880 564 &#8211; BIC : CEPAFRPP382<br \/>\nYou can also donate by cheque. Make out your cheque to the order of Cappella Mediterranea and send it to: Cappella Mediterranea AECM \u2013 Tour Essor \u2013 14, rue Scandicci \u2013 93500 Pantin<\/p>\n<h4><span style=\"font-size: 14pt;\">You do not live in France or Switzerland<\/span><\/h4>\n<p>But you would like to donate!<br \/>\nDonations in US dollars are accepted via the Friends of the Fondation de France directly on their <a href=\"https:\/\/www.friendsoffdf.org\/projects\/ensemble-cappella-mediterranea\/\" target=\"_blank\" rel=\"noopener\">platform.<\/a><\/p>\n<p><em>For those of you who live in a European country outside of France and Switzerland, Cappella Mediterranea is in the process of being affiliated to the Swiss Philanthropy Foundation. To find out more, contact C\u00e9cile Delloye at cecile.delloye@cappellamediterranea.com \/ +33 (0)6 64 11 22 62<\/em><\/p>\n<h4><span style=\"font-size: 14pt;\">Incentives<\/span><\/h4>\n<p>Friends and sponsors of Cappella Mediterranea are invited to gather during our programme\u2019s highlights and forge special relationships with our artists. (Pre-concert presentations, drinks with the artists, mailing of the bi-annual programme and newsletters, press review extracts, etc.)<\/p>\n<p><span style=\"font-size: 10pt;\"><em>Cappella Mediterranea is supported by the French association AECM and the Swiss association Utopia.<\/em><\/span><\/p>\n        <\/div>\n        <div class=\"content\">\n            \n                            <a href=\"http:\/\/cappellamediterranea.com\/wp-content\/uploads\/Bulletin-adhesion.pdf\" class=\"link-default link-second link-right\">Download the Amis de Cappella Mediterranea membership form <span class=\"icon-arrow-medium\"><\/span><\/a>\n                    <\/div>\n    <\/div>\n\n    <\/section>\n\n\n\n\n    <section class=\"container-bg\" style=\"--data-bg-color:#fdfaf7\">\n      <div class=\"container mot-de-bienvenue \">\n          <div class=\"img-content\">\n            <img decoding=\"async\" loading=\"lazy\" width=\"1449\" height=\"2048\" src=\"https:\/\/cappellamediterranea.com\/wp-content\/uploads\/programme-mecenat-e1690275490351.png\" alt=\"\">\n            <span class=\"shdw\" style=\"--data-color:#FFCD46\"><\/span>\n        <\/div>\n        <div class=\"titre\">\n            <h2>Are you a company?<\/h2>\n<h4><span style=\"font-size: 14pt;\">Major sponsor \u2013 Donations of \u20ac40,000 or more<\/span><\/h4>\n<p>Your contribution will go towards the whole annual programme. Custom rewards tailored to your preferences<\/p>\n<h4><span style=\"font-size: 14pt;\">Sponsorship and partnership<\/span><\/h4>\n<ul>\n<li>You would like to collaborate with us for a special event or highlight of your company&#8217;s activities.<\/li>\n<li>Your support can take the form of a sponsorship or partnership project, which is a marketing action that is subject to VAT and qualifies an advertising expense.<\/li>\n<li>Your company will also benefit from rewards in the form of publicity and public relations operations that can represent up to 50% of the amount of your donation.<\/li>\n<\/ul>\n<h4><span style=\"font-size: 14pt;\">Cappella Mediterranea&#8217;s circle of entrepreneurs<\/span><\/h4>\n<ul>\n<li>Become an essential and privileged partner of the ensemble by supporting its artistic creations.<\/li>\n<li>Associate your company&#8217;s name with our ensemble so that we can publicise our shared values together.<\/li>\n<li>We will guide you in organising your PR events and bring together your staff, clients and partners through our programme.<\/li>\n<li>Receive private invitations all throughout the season and have privileged access to our network of donors and heads of companies. Let us work with you to design a customised project that meets your needs and expectations.<\/li>\n<\/ul>\n<h4><span style=\"font-size: 14pt;\">Benefactors + donations of \u20ac10,000 or more<\/span><\/h4>\n<ul>\n<li>France: \u20ac10,000 &#8211; 60% tax deduction* &#8211; 25% rewards &#8211; actual cost to company = \u20ac1,500<\/li>\n<li>Switzerland: Your donations are tax deductible<\/li>\n<\/ul>\n<h4><span style=\"font-size: 14pt;\">Donors + donations of \u20ac5,000 or more<\/span><\/h4>\n<ul>\n<li>France: 3 000 \u20ac \u2013 60% tax deduction*- 25% rewards \u2013 actual cost to company = \u20ac750<\/li>\n<li>Switzerland: Your donations are tax deductible<\/li>\n<\/ul>\n<h4><span style=\"font-size: 14pt;\">Partners + donations of \u20ac3,000 or more<\/span><\/h4>\n<ul>\n<li>\u2022 France: \u20ac3,000 \u2013 60% tax deduction*- 25% rewards \u2013 actual cost to company = \u20ac450<\/li>\n<li>Switzerland: Your donations are tax deductible<\/li>\n<\/ul>\n<p><em><span style=\"font-size: 10pt;\">*For taxable income in France, each corporate sponsor can benefit from a tax deduction equivalent to 60% of the amount of its donation, up to a limit of 0.5% of its turnover (2003 Law). The new law (2018-1317) of 28 December 2018 for 2019 (articles 148 and 149), now allows companies to benefit from a new ceiling of \u20ac10,000. This alternative ceiling applies to payments made during financial years ending on or after 31 December 2019. The ceiling of 0.5% of turnover remains applicable if it is more advantageous.<\/span><\/em><\/p>\n<h4><span style=\"font-size: 14pt;\">Incentives<\/span><\/h4>\n<p>Creation of a network of entrepreneurs around Leonardo Garc\u00eda Alarc\u00f3n and his ensemble; encounters with leading figures from the musical and artistic world, alongside entrepreneurs; invitations to concerts and encounters with the artists; private annual event. Rewards are tailored to the needs of our sponsors and correspond to a maximum of 25% of the amount of the donation.<\/p>\n        <\/div>\n        <div class=\"content\">\n            \n                            <a href=\"https:\/\/www.dropbox.com\/s\/12vb774b7d4stfg\/Programme%20de%20m%C3%A9c%C3%A9nat_040323.pdf?dl=0\" class=\"link-default link-second link-right\">Download our sponsorship pamphlet <span class=\"icon-arrow-medium\"><\/span><\/a>\n                    <\/div>\n    <\/div>\n\n    <\/section>\n\n<div class=\"wp-block-group is-layout-constrained wp-block-group-is-layout-constrained\">\n<div class=\"wp-block-columns is-layout-flex wp-container-core-columns-is-layout-123a282d wp-block-columns-is-layout-flex\" style=\"padding-bottom:var(--wp--preset--spacing--40)\">\n<div class=\"wp-block-column is-layout-flow wp-block-column-is-layout-flow\">\n<h2 class=\"wp-block-heading\">Objectives and fundraising<\/h2>\n\n\n\n<h4 class=\"wp-block-heading\"><strong>The funds raised in 2023 will be allocated to the ensemble&#8217;s flagship projects.<\/strong><\/h4>\n\n\n\n<p>Creation of Philippe d&#8217;Orl\u00e9ans\u2019 <em>La J\u00e9rusalem D\u00e9livr\u00e9e<\/em> in July 2023<\/p>\n\n\n\n<h4 class=\"wp-block-heading\"><strong>We need \u20ac30,000<\/strong><\/h4>\n\n\n\n<p>Recording of Lully\u2019s <em>Atys<\/em> in March 2023 and the oratorio <em>La Passione di Ges\u00f9<\/em> in September 2023.<\/p>\n\n\n\n<h4 class=\"wp-block-heading\"><strong>We need \u20ac70,000<\/strong> <\/h4>\n\n\n\n<h4 class=\"wp-block-heading has-large-font-size\">Fundraising<\/h4>\n\n\n\n<ul class=\"wp-block-list\">\n<li>Argentine Tour<\/li>\n\n\n\n<li>Creation of a musical instrument park <\/li>\n<\/ul>\n<\/div>\n\n\n\n<div class=\"wp-block-column is-layout-flow wp-block-column-is-layout-flow\">\n<h2 class=\"wp-block-heading\">Sponsoring a project<\/h2>\n\n\n\n<p class=\"has-regular-font-size\"><strong>Concert<\/strong> &#8211; Donations from \u20ac10,000 &#8211; <em>Your contribution will be allocated to the concert of your choice. Custom reward.<\/em><\/p>\n\n\n\n<p class=\"has-regular-font-size\"><strong>Recording<\/strong> &#8211; Donations from \u20ac10,000 &#8211; <em>Your contribution will be allocated to the recording project of your choice. Publicity rewards tailored to your needs.<\/em><\/p>\n\n\n\n<p class=\"has-regular-font-size\"><strong>Concert tour<\/strong> &#8211; Donations from \u20ac20,000 &#8211; <em>Your contribution will be allocated to the concert tour of your choice. Custom rewards tailored to your wishes.<\/em><\/p>\n\n\n\n<p class=\"has-regular-font-size\"><strong>Opera production &#8211; <\/strong>Donations from \u20ac30,000 &#8211; <em>Your contribution will be allocated to the opera production of your choice. Custom rewards tailored to your wishes.<\/em><\/p>\n\n\n\n<p class=\"has-regular-font-size\"><strong>Young audiences <\/strong>&#8211; Donations from \u20ac5,000 &#8211; <em>Your contribution will be allocated to the educational activities carried out by the ensemble. Publicity rewards.<\/em><\/p>\n\n\n\n<p class=\"has-regular-font-size\"><strong>&#8220;Musique \u00e0 l&#8217;h\u00f4pital&#8221; programme<\/strong> &#8211; Donations from \u20ac5,000 &#8211; <em>Your contribution will be allocated to the educational activities developed by the ensemble within the hospital network, in partnership with IRIS (a patients&#8217; association for people with Primary Immune Deficiency). Publicity rewards.<\/em><em>.<\/em><\/p>\n<\/div>\n<\/div>\n<\/div>\n\n<div class=\"wp-block-columns is-layout-flex wp-container-core-columns-is-layout-28f84493 wp-block-columns-is-layout-flex\">\n<div class=\"wp-block-column is-layout-flow wp-block-column-is-layout-flow\" style=\"padding-top:var(--wp--preset--spacing--40);flex-basis:100%\">\n<h2 class=\"wp-block-heading has-text-align-center\">Contact<\/h2>\n\n\n\n<div class=\"wp-block-columns is-layout-flex wp-container-core-columns-is-layout-28f84493 wp-block-columns-is-layout-flex\">\n<div class=\"wp-block-column is-layout-flow wp-block-column-is-layout-flow\" style=\"flex-basis:100%\">\n<p class=\"has-text-align-center\">C\u00e9cile Delloye <br\/><a rel=\"noreferrer noopener\" href=\"mailto:cecile.delloye@cappellamediterranea.com\" target=\"_blank\">cecile.delloye@cappellamediterranea.com<\/a> <br\/>+33 (0)6 64 11 22 62<\/p>\n<\/div>\n<\/div>\n<\/div>\n<\/div>\n","protected":false},"excerpt":{"rendered":"Support us Objectives and fundraising The funds raised in 2023 will be allocated to the ensemble&#8217;s flagship projects. Creation of Philippe d&#8217;Orl\u00e9ans\u2019 La J\u00e9rusalem D\u00e9livr\u00e9e in July 2023 We need \u20ac30,000 Recording of Lully\u2019s Atys in March 2023 and the oratorio La Passione di Ges\u00f9 in September 2023. We need \u20ac70,000 Fundraising Sponsoring a project [&hellip;]","protected":false},"author":1,"featured_media":0,"parent":0,"menu_order":0,"comment_status":"closed","ping_status":"closed","template":"","meta":{"_acf_changed":false,"footnotes":""},"class_list":["post-8378","page","type-page","status-publish","hentry"],"acf":[],"_links":{"self":[{"href":"https:\/\/cappellamediterranea.com\/en\/wp-json\/wp\/v2\/pages\/8378","targetHints":{"allow":["GET"]}}],"collection":[{"href":"https:\/\/cappellamediterranea.com\/en\/wp-json\/wp\/v2\/pages"}],"about":[{"href":"https:\/\/cappellamediterranea.com\/en\/wp-json\/wp\/v2\/types\/page"}],"author":[{"embeddable":true,"href":"https:\/\/cappellamediterranea.com\/en\/wp-json\/wp\/v2\/users\/1"}],"replies":[{"embeddable":true,"href":"https:\/\/cappellamediterranea.com\/en\/wp-json\/wp\/v2\/comments?post=8378"}],"version-history":[{"count":0,"href":"https:\/\/cappellamediterranea.com\/en\/wp-json\/wp\/v2\/pages\/8378\/revisions"}],"wp:attachment":[{"href":"https:\/\/cappellamediterranea.com\/en\/wp-json\/wp\/v2\/media?parent=8378"}],"curies":[{"name":"wp","href":"https:\/\/api.w.org\/{rel}","templated":true}]}}