{"id":1398,"date":"2023-05-16T11:53:20","date_gmt":"2023-05-16T09:53:20","guid":{"rendered":"https:\/\/cappellamediterranea.com\/contact\/"},"modified":"2024-12-12T17:15:42","modified_gmt":"2024-12-12T16:15:42","slug":"contact","status":"publish","type":"page","link":"https:\/\/cappellamediterranea.com\/en\/contact\/","title":{"rendered":"Contacts"},"content":{"rendered":"\n<section class=\"container titre-secondaire\">\n    <h2 class=\"\">Meet the team<\/h2>\n    <\/section>\n<section class=\"container trombinoscope\">\n\n    <div class=\"content\">\n        <div class=\"img\" style=\"background-image:url('https:\/\/cappellamediterranea.com\/wp-content\/uploads\/leo_carre.jpg')\"><\/div>\n        <h3>Leonardo Garc\u00eda-Alarc\u00f3n<\/h3>\n        <p>Artistic director<\/p>\n        <a class=\"email\" href=\"mailto:\">Envoyer un email<\/a>\n        <a href=\"tel: \"> <\/a>\n    <\/div>\n    <div class=\"content\">\n        <div class=\"img\" style=\"background-image:url('https:\/\/cappellamediterranea.com\/wp-content\/uploads\/claire_carre.jpg')\"><\/div>\n        <h3>Claire Baudo<\/h3>\n        <p>Managing director<\/p>\n        <a class=\"email\" href=\"mailto:claire.baudo@cappellamediterranea.com\">Envoyer un email<\/a>\n        <a href=\"tel:\"><\/a>\n    <\/div>\n    <div class=\"content\">\n        <div class=\"img\" style=\"background-image:url('https:\/\/cappellamediterranea.com\/wp-content\/uploads\/fabian_carre.jpg')\"><\/div>\n        <h3>Fabi\u00e1n Schofrin<\/h3>\n        <p>Music assistant<\/p>\n        <a class=\"email\" href=\"mailto:fabian.schofrin@bluewin.ch\">Envoyer un email<\/a>\n        <a href=\"tel:\"><\/a>\n    <\/div>\n    <div class=\"content\">\n        <div class=\"img\" style=\"background-image:url('https:\/\/cappellamediterranea.com\/wp-content\/uploads\/rodrigo_carre.jpg')\"><\/div>\n        <h3>Rodrigo Calveyra<\/h3>\n        <p>Music assistant<\/p>\n        <a class=\"email\" href=\"mailto:rodrigo.calveyra@gmail.com\">Envoyer un email<\/a>\n        <a href=\"tel:\"><\/a>\n    <\/div>\n    <div class=\"content\">\n        <div class=\"img\" style=\"background-image:url('https:\/\/cappellamediterranea.com\/wp-content\/uploads\/vavasseur.jpg')\"><\/div>\n        <h3>J\u00e9r\u00f4me Vavasseur<\/h3>\n        <p>Librarian<\/p>\n        <a class=\"email\" href=\"mailto:jerome.vavasseur@cappellamediterranea.com\">Envoyer un email<\/a>\n        <a href=\"tel:\"><\/a>\n    <\/div>\n    <div class=\"content\">\n        <div class=\"img\" style=\"background-image:url('https:\/\/cappellamediterranea.com\/wp-content\/uploads\/maud_carre.jpg')\"><\/div>\n        <h3>Maud Balizet<\/h3>\n        <p>Administrative and financial manager<\/p>\n        <a class=\"email\" href=\"mailto:maud.balizet@cappellamediterranea.com\">Envoyer un email<\/a>\n        <a href=\"tel:\"><\/a>\n    <\/div>\n    <div class=\"content\">\n        <div class=\"img\" style=\"background-image:url('https:\/\/cappellamediterranea.com\/wp-content\/uploads\/adeline_carre.jpg')\"><\/div>\n        <h3>Adeline Rahms<\/h3>\n        <p>Production manager<\/p>\n        <a class=\"email\" href=\"mailto:adeline.rahms@cappellamediterranea.com\">Envoyer un email<\/a>\n        <a href=\"tel:\"><\/a>\n    <\/div>\n    <div class=\"content\">\n        <div class=\"img\" style=\"background-image:url('https:\/\/cappellamediterranea.com\/wp-content\/uploads\/manon_carre.jpg')\"><\/div>\n        <h3>Manon Pidoux<\/h3>\n        <p>production officer<\/p>\n        <a class=\"email\" href=\"mailto:manon.pidoux@cappellamediterranea.com\">Envoyer un email<\/a>\n        <a href=\"tel:\"><\/a>\n    <\/div>\n    <div class=\"content\">\n        <div class=\"img\" style=\"background-image:url('https:\/\/cappellamediterranea.com\/wp-content\/uploads\/charlotte-e1720002036299.jpg')\"><\/div>\n        <h3>Charlotte Blin<\/h3>\n        <p>Artistic coordinator<\/p>\n        <a class=\"email\" href=\"mailto:charlotte.blin@cappellamediterranea.com\">Envoyer un email<\/a>\n        <a href=\"tel:\"><\/a>\n    <\/div>\n    <div class=\"content\">\n        <div class=\"img\" style=\"background-image:url('https:\/\/cappellamediterranea.com\/wp-content\/uploads\/cecile_carre.jpg')\"><\/div>\n        <h3>C\u00e9cile Delloye<\/h3>\n        <p>Head of development and cultural activities<\/p>\n        <a class=\"email\" href=\"mailto:cecile.delloye@cappellamediterranea.com\">Envoyer un email<\/a>\n        <a href=\"tel:+ 33 (0)6 64 11 22 62\">+ 33 (0)6 64 11 22 62<\/a>\n    <\/div>\n    <div class=\"content\">\n        <div class=\"img\" style=\"background-image:url('')\"><\/div>\n        <h3>Pierre Redoules<\/h3>\n        <p>Public Relations and Sponsorship Officer<\/p>\n        <a class=\"email\" href=\"mailto:pierre.redoules@cappellamediterranea.com\">Envoyer un email<\/a>\n        <a href=\"tel:\"><\/a>\n    <\/div>\n    <div class=\"content\">\n        <div class=\"img\" style=\"background-image:url('https:\/\/cappellamediterranea.com\/wp-content\/uploads\/stephane_carre.jpg')\"><\/div>\n        <h3>St\u00e9phane Leys<\/h3>\n        <p>Distribution manager<\/p>\n        <a class=\"email\" href=\"mailto:stephane.leys@skynet.be\">Envoyer un email<\/a>\n        <a href=\"tel:+ 32 (0)475 66 33 35\">+ 32 (0)475 66 33 35<\/a>\n    <\/div>\n    <div class=\"content\">\n        <div class=\"img\" style=\"background-image:url('https:\/\/cappellamediterranea.com\/wp-content\/uploads\/gerald_carre.jpg')\"><\/div>\n        <h3>G\u00e9rald Philippe<\/h3>\n        <p>Distribution manager<\/p>\n        <a class=\"email\" href=\"mailto:geraldphilippe@me.com\">Envoyer un email<\/a>\n        <a href=\"tel:+32 (0)478 32 19 70\">+32 (0)478 32 19 70<\/a>\n    <\/div>\n    <div class=\"content\">\n        <div class=\"img\" style=\"background-image:url('https:\/\/cappellamediterranea.com\/wp-content\/uploads\/francois_carre.jpg')\"><\/div>\n        <h3>Fran\u00e7ois de Maleissye-Melun<\/h3>\n        <p>Communications manager<\/p>\n        <a class=\"email\" href=\"mailto:francois.demaleissye@cappellamediterranea.com\">Envoyer un email<\/a>\n        <a href=\"tel:\"><\/a>\n    <\/div>\n    <div class=\"content\">\n        <div class=\"img\" style=\"background-image:url('https:\/\/cappellamediterranea.com\/wp-content\/uploads\/florence_carre-2.jpg')\"><\/div>\n        <h3>Florence Riou<\/h3>\n        <p>Press officer<\/p>\n        <a class=\"email\" href=\"mailto:florenceriou.com@gmail.com\">Envoyer un email<\/a>\n        <a href=\"tel:+ 33 (0)8 80 58 85 56\">+ 33 (0)8 80 58 85 56<\/a>\n    <\/div>\n<\/section>\n<div class=\"wp-block-columns is-layout-flex wp-container-core-columns-is-layout-28f84493 wp-block-columns-is-layout-flex\">\n<div class=\"wp-block-column is-layout-flow wp-block-column-is-layout-flow\" style=\"flex-basis:100%\">\n<h2 class=\"wp-block-heading has-text-align-center\">Administrative information<\/h2>\n\n\n\n<p class=\"has-text-align-center\">The ensemble is supported by AECM, a French association, and Utopia, a Swiss association, under a partnership agreement.<br\/> <\/p>\n\n\n\n<div class=\"wp-block-columns is-layout-flex wp-container-core-columns-is-layout-28f84493 wp-block-columns-is-layout-flex\">\n<div class=\"wp-block-column is-layout-flow wp-block-column-is-layout-flow\" style=\"flex-basis:50%\">\n<h3 class=\"wp-block-heading has-text-align-center\" style=\"margin-top:20px;margin-bottom:0px\">In France <\/h3>\n\n\n\n<p class=\"has-text-align-center\"><em>Office address :<\/em><br\/>Cappella Mediterranea, AECM <br\/>7, rue Cadet<em>, <\/em>75009 Paris<\/p>\n\n\n\n<p class=\"has-text-align-center\"><em>Head office address :<\/em><br\/>40 Chemin de la Pissette, 74520 Savigny<\/p>\n\n\n\n<p class=\"has-text-align-center\"><strong>Julie Robert<\/strong>, chairwoman<br\/><strong>Didier Patel<\/strong>, treasurer<br\/><strong>Anne-Sophie Montagn\u00e9<\/strong>, secretary<\/p>\n\n\n\n<p class=\"has-text-align-center\"><strong>SIRET NO. :<\/strong> 528 236 391 000 25 <br\/>ape : 9001z \u2013 tva : fr09528236391 \u2013 Licences 2-1045306 et 3-1045307<\/p>\n<\/div>\n\n\n\n<div class=\"wp-block-column is-layout-flow wp-block-column-is-layout-flow\" style=\"flex-basis:50%\">\n<h3 class=\"wp-block-heading has-text-align-center\" style=\"margin-top:20px\">In Switzerland<\/h3>\n\n\n\n<p class=\"has-text-align-center\">Cappella Mediterranea, UTOPIA Association<br\/>P.O. Box 90 \u2013 Maison Internationale des associations \u2013 Rue des Savoises 15, 1205 Geneva<\/p>\n\n\n\n<p class=\"has-text-align-center\"><strong>Fran\u00e7oise Haeberlin<\/strong>, chairwoman<br\/><strong>Caroline Rilliet<\/strong>, treasurer<\/p>\n<\/div>\n<\/div>\n<\/div>\n<\/div>\n\n<div class=\"wp-block-columns is-layout-flex wp-container-core-columns-is-layout-28f84493 wp-block-columns-is-layout-flex\">\n<div class=\"wp-block-column is-content-justification-left is-layout-constrained wp-container-core-column-is-layout-12dd3699 wp-block-column-is-layout-constrained\" style=\"flex-basis:70%\">\n<p class=\"has-text-align-center\" style=\"padding-right:var(--wp--preset--spacing--80);padding-left:var(--wp--preset--spacing--80)\"><em>Cappella Mediterranea is supported by the Minist\u00e8re de la Culture &#8211; DRAC Auvergne Rh\u00f4ne Alpes, the R\u00e9gion Auvergne-Rh\u00f4ne-Alpes, <em>a private foundation in Geneva<\/em><\/em>, <em>the City of Geneva, a Swiss family foundation, Brigitte Lescure, and by its Circle of Friends and Circle of Entrepreneurs with Diot-Siaci, Synapsys, Chatillon Architectes and 400 Partners.<\/em><\/p>\n\n\n\n<p><\/p>\n\n\n\n<figure class=\"wp-block-image aligncenter size-large is-resized\"><img loading=\"lazy\" decoding=\"async\" width=\"1024\" height=\"168\" src=\"https:\/\/cappellamediterranea.com\/wp-content\/uploads\/\/Version-noire-1-1024x168.png\" alt=\"\" class=\"wp-image-10046\" style=\"aspect-ratio:6.095238095238095;width:339px;height:auto\" srcset=\"https:\/\/cappellamediterranea.com\/wp-content\/uploads\/Version-noire-1-1024x168.png 1024w, https:\/\/cappellamediterranea.com\/wp-content\/uploads\/Version-noire-1-300x49.png 300w, https:\/\/cappellamediterranea.com\/wp-content\/uploads\/Version-noire-1-768x126.png 768w, https:\/\/cappellamediterranea.com\/wp-content\/uploads\/Version-noire-1-1536x251.png 1536w, https:\/\/cappellamediterranea.com\/wp-content\/uploads\/Version-noire-1-2048x335.png 2048w\" sizes=\"auto, (max-width: 1024px) 100vw, 1024px\" \/><\/figure>\n\n\n\n<p><\/p>\n\n\n\n<p class=\"has-text-align-center\" style=\"padding-right:var(--wp--preset--spacing--80);padding-left:var(--wp--preset--spacing--80)\"><em>The ensemble is a member of the Fevis (F\u00e9d\u00e9ration des Ensembles Vocaux et Instrumentaux Sp\u00e9cialis\u00e9s) and the CNM (Centre National de la Musique).<\/em><\/p>\n<\/div>\n<\/div>\n","protected":false},"excerpt":{"rendered":"Administrative information The ensemble is supported by AECM, a French association, and Utopia, a Swiss association, under a partnership agreement. In France Office address :Cappella Mediterranea, AECM 7, rue Cadet, 75009 Paris Head office address :40 Chemin de la Pissette, 74520 Savigny Julie Robert, chairwomanDidier Patel, treasurerAnne-Sophie Montagn\u00e9, secretary SIRET NO. : 528 236 391 [&hellip;]","protected":false},"author":1,"featured_media":0,"parent":0,"menu_order":0,"comment_status":"closed","ping_status":"closed","template":"","meta":{"_acf_changed":false,"footnotes":""},"class_list":["post-1398","page","type-page","status-publish","hentry"],"acf":[],"_links":{"self":[{"href":"https:\/\/cappellamediterranea.com\/en\/wp-json\/wp\/v2\/pages\/1398","targetHints":{"allow":["GET"]}}],"collection":[{"href":"https:\/\/cappellamediterranea.com\/en\/wp-json\/wp\/v2\/pages"}],"about":[{"href":"https:\/\/cappellamediterranea.com\/en\/wp-json\/wp\/v2\/types\/page"}],"author":[{"embeddable":true,"href":"https:\/\/cappellamediterranea.com\/en\/wp-json\/wp\/v2\/users\/1"}],"replies":[{"embeddable":true,"href":"https:\/\/cappellamediterranea.com\/en\/wp-json\/wp\/v2\/comments?post=1398"}],"version-history":[{"count":0,"href":"https:\/\/cappellamediterranea.com\/en\/wp-json\/wp\/v2\/pages\/1398\/revisions"}],"wp:attachment":[{"href":"https:\/\/cappellamediterranea.com\/en\/wp-json\/wp\/v2\/media?parent=1398"}],"curies":[{"name":"wp","href":"https:\/\/api.w.org\/{rel}","templated":true}]}}